{"id":87,"date":"2019-01-23T13:25:49","date_gmt":"2019-01-23T13:25:49","guid":{"rendered":"http:\/\/site.visualsigns.com.br\/index.php\/produto\/money-plant\/"},"modified":"2021-06-16T21:41:21","modified_gmt":"2021-06-16T21:41:21","slug":"letras-caixa-pvc-expandido","status":"publish","type":"product","link":"https:\/\/visualsigns.com.br\/index.php\/produto\/letras-caixa-pvc-expandido\/","title":{"rendered":"Letras Caixa de PVC Expandido"},"content":{"rendered":"<p>As letras de pvc expandido s\u00e3o utilizadas em projetos de comunica\u00e7\u00e3o visual que precisam de um alto impacto comunicativo, mas n\u00e3o disp\u00f5em de um or\u00e7amento t\u00e3o elevado para essa finalidade. Essas letras passam por uma pintura em esmalte sint\u00e9tico ou l\u00e1tex, j\u00e1 que o material possui colora\u00e7\u00e3o original branca.<\/p>\n<p>O corte com Router \u00e9 um processo comandado por meio de um equipamento CNC (Comando N\u00famero Computadorizado) sendo uma forma de fazer o acabamento de corte em chapas com espessuras maiores e mais r\u00edgidas, como PVC expandido e MDF. Neste processo \u00e9 poss\u00edvel transformar um desenho vetorizado em pe\u00e7as e letras com uma maior precis\u00e3o.<\/p>\n<p>O PVC \u00e9 sem d\u00favida um pl\u00e1stico que est\u00e1 em \u201calta\u201d em diversas utiliza\u00e7\u00f5es. Podemos v\u00ea-lo em muitos seguimentos, como na ind\u00fastria, arquitetura, decora\u00e7\u00e3o e tamb\u00e9m na comunica\u00e7\u00e3o visual, onde a vers\u00e3o expandida \u00e9 mais utilizada.<\/p>\n","protected":false},"excerpt":{"rendered":"<p><strong>Aplica\u00e7\u00e3o:<\/strong> Alvenaria, Madeira, Acm, Acrilico, Vidro, Azulejo, Entre Outros.<\/p>\n<p><strong>Conserva\u00e7\u00e3o:<\/strong> Para Melhor Conserva\u00e7\u00e3o Limpar Com Pano \u00damido E Macio.<\/p>\n","protected":false},"featured_media":1432,"comment_status":"open","ping_status":"closed","template":"","meta":[],"product_brand":[],"product_cat":[22],"product_tag":[25,30,26,27,29,31,32,34,28,33],"class_list":{"0":"post-87","1":"product","2":"type-product","3":"status-publish","4":"has-post-thumbnail","6":"product_cat-letras-caixa-personalizadas","7":"product_tag-letra-caixa-alta","8":"product_tag-letra-caixa-fachada","9":"product_tag-letra-em-acrilico","10":"product_tag-letras-caixa-com-led","11":"product_tag-letras-em-acm","12":"product_tag-letras-em-pvc","13":"product_tag-letras-em-pvc-expandido","14":"product_tag-letras-inox","15":"product_tag-letras-para-fachada","16":"product_tag-letras-para-fachada-de-loja","18":"first","19":"instock","20":"featured","21":"shipping-taxable","22":"product-type-external"},"_links":{"self":[{"href":"https:\/\/visualsigns.com.br\/index.php\/wp-json\/wp\/v2\/product\/87","targetHints":{"allow":["GET"]}}],"collection":[{"href":"https:\/\/visualsigns.com.br\/index.php\/wp-json\/wp\/v2\/product"}],"about":[{"href":"https:\/\/visualsigns.com.br\/index.php\/wp-json\/wp\/v2\/types\/product"}],"replies":[{"embeddable":true,"href":"https:\/\/visualsigns.com.br\/index.php\/wp-json\/wp\/v2\/comments?post=87"}],"wp:featuredmedia":[{"embeddable":true,"href":"https:\/\/visualsigns.com.br\/index.php\/wp-json\/wp\/v2\/media\/1432"}],"wp:attachment":[{"href":"https:\/\/visualsigns.com.br\/index.php\/wp-json\/wp\/v2\/media?parent=87"}],"wp:term":[{"taxonomy":"product_brand","embeddable":true,"href":"https:\/\/visualsigns.com.br\/index.php\/wp-json\/wp\/v2\/product_brand?post=87"},{"taxonomy":"product_cat","embeddable":true,"href":"https:\/\/visualsigns.com.br\/index.php\/wp-json\/wp\/v2\/product_cat?post=87"},{"taxonomy":"product_tag","embeddable":true,"href":"https:\/\/visualsigns.com.br\/index.php\/wp-json\/wp\/v2\/product_tag?post=87"}],"curies":[{"name":"wp","href":"https:\/\/api.w.org\/{rel}","templated":true}]}}