{"id":86,"date":"2019-01-23T13:24:06","date_gmt":"2019-01-23T13:24:06","guid":{"rendered":"http:\/\/site.visualsigns.com.br\/index.php\/produto\/aluminum-plant\/"},"modified":"2021-06-16T21:40:30","modified_gmt":"2021-06-16T21:40:30","slug":"letras-caixa-acrilico","status":"publish","type":"product","link":"https:\/\/visualsigns.com.br\/index.php\/produto\/letras-caixa-acrilico\/","title":{"rendered":"Letras Caixa de Acr\u00edlico"},"content":{"rendered":"<p>Letra caixa em chapa de acr\u00edlico, recortada a laser de alta precis\u00e3o com ou sem pintura, podendo pintar toda a letra ou somente atras para dar o efeito do acrilico. Tamb\u00e9m pode ser adesivada. Ideal para escrit\u00f3rios, paredes de recep\u00e7\u00e3o, consult\u00f3rios, cl\u00ednicas e muito mais.<\/p>\n<p>A letra acr\u00edlica possui excelente acabamento e fica com um visual limpo, sua fixa\u00e7\u00e3o n\u00e3o exige furos.<\/p>\n<p>Amplamente usado para comunica\u00e7\u00e3o de empresas em pontos de venda com fachadas, expositores, displays, p\u00falpitos, o acr\u00edlico tem ganhado ainda mais for\u00e7a.<\/p>\n<p>Isso se deve ao uso de novas tecnologias que possibilitam moldar, cortar e at\u00e9 iluminar grandes pe\u00e7as com precis\u00e3o milim\u00e9trica. O corte a laser \u00e9 um bom exemplo de tecnologia que elevou o n\u00edvel de uso do acr\u00edlico.<\/p>\n","protected":false},"excerpt":{"rendered":"<p><strong>Aplica\u00e7\u00e3o:<\/strong>\u00a0Alvenaria, Madeira, Acm, Acrilico, Vidro, Azulejo, Entre Outros.<\/p>\n<p><strong>Conserva\u00e7\u00e3o:<\/strong> Para Melhor Conserva\u00e7\u00e3o Limpar Com Pano \u00damido e Macio.<\/p>\n","protected":false},"featured_media":1448,"comment_status":"open","ping_status":"closed","template":"","meta":[],"product_brand":[],"product_cat":[22],"product_tag":[24,25,30,26,23,27,29,31,32,34,28,33],"class_list":{"0":"post-86","1":"product","2":"type-product","3":"status-publish","4":"has-post-thumbnail","6":"product_cat-letras-caixa-personalizadas","7":"product_tag-acrilico","8":"product_tag-letra-caixa-alta","9":"product_tag-letra-caixa-fachada","10":"product_tag-letra-em-acrilico","11":"product_tag-letras-caixa","12":"product_tag-letras-caixa-com-led","13":"product_tag-letras-em-acm","14":"product_tag-letras-em-pvc","15":"product_tag-letras-em-pvc-expandido","16":"product_tag-letras-inox","17":"product_tag-letras-para-fachada","18":"product_tag-letras-para-fachada-de-loja","20":"first","21":"instock","22":"shipping-taxable","23":"product-type-external"},"_links":{"self":[{"href":"https:\/\/visualsigns.com.br\/index.php\/wp-json\/wp\/v2\/product\/86","targetHints":{"allow":["GET"]}}],"collection":[{"href":"https:\/\/visualsigns.com.br\/index.php\/wp-json\/wp\/v2\/product"}],"about":[{"href":"https:\/\/visualsigns.com.br\/index.php\/wp-json\/wp\/v2\/types\/product"}],"replies":[{"embeddable":true,"href":"https:\/\/visualsigns.com.br\/index.php\/wp-json\/wp\/v2\/comments?post=86"}],"wp:featuredmedia":[{"embeddable":true,"href":"https:\/\/visualsigns.com.br\/index.php\/wp-json\/wp\/v2\/media\/1448"}],"wp:attachment":[{"href":"https:\/\/visualsigns.com.br\/index.php\/wp-json\/wp\/v2\/media?parent=86"}],"wp:term":[{"taxonomy":"product_brand","embeddable":true,"href":"https:\/\/visualsigns.com.br\/index.php\/wp-json\/wp\/v2\/product_brand?post=86"},{"taxonomy":"product_cat","embeddable":true,"href":"https:\/\/visualsigns.com.br\/index.php\/wp-json\/wp\/v2\/product_cat?post=86"},{"taxonomy":"product_tag","embeddable":true,"href":"https:\/\/visualsigns.com.br\/index.php\/wp-json\/wp\/v2\/product_tag?post=86"}],"curies":[{"name":"wp","href":"https:\/\/api.w.org\/{rel}","templated":true}]}}