{"id":84,"date":"2019-01-23T13:20:21","date_gmt":"2019-01-23T13:20:21","guid":{"rendered":"http:\/\/site.visualsigns.com.br\/index.php\/produto\/green-soil-lotus\/"},"modified":"2025-05-31T09:38:49","modified_gmt":"2025-05-31T06:38:49","slug":"letras-caixa-aco-inox-304-escovado","status":"publish","type":"product","link":"https:\/\/visualsigns.com.br\/index.php\/produto\/letras-caixa-aco-inox-304-escovado\/","title":{"rendered":"Letras Caixa A\u00e7o Inox 304 Escovado"},"content":{"rendered":"<p>A\u00a0letra caixa\u00a0\u00e9 um material utilizado em Alvenaria, Madeira, ACM, Acr\u00edlico, Vidro, Azulejo, entre outros. Tamb\u00e9m conhecida como letra bloco, o produto pode ser utilizado em ambientes internos e externos. A utiliza\u00e7\u00e3o n\u00e3o se resume somente a letras, mas tamb\u00e9m logotipos que, junto com os textos, podem dar sofistica\u00e7\u00e3o ao ambiente. Ap\u00f3s a escolha do material inicia-se o processo em que se corta a\u00a0letra de acordo com o seu projeto, processo que pode ser realizado com diversos tipos de maquin\u00e1rios diferentes.<\/p>\n<p>A Letra Caixa \u00e9 um produto usado para Comunica\u00e7\u00e3o Visual. Costuma ser usado para apresentar o nome ou logotipo da sua empresa. O tamanho da fabrica\u00e7\u00e3o do produto varia de acordo com cada necessidade. Al\u00e9m disso, esse produto \u00e9 considerado uma solu\u00e7\u00e3o moderna, pois une durabilidade com boa apar\u00eancia.<\/p>\n<p>Lembrando que independente do material, esse produto \u00e9 muito resistente \u00e0s varia\u00e7\u00f5es do clima, sofrendo menos deteriora\u00e7\u00e3o. \u00c9 um procedimento totalmente econ\u00f4mico ao mesmo tempo que se torna um instrumento de propaganda, uma vez que o nome da empresa \u00e9 bem apresentado.<\/p>\n<p>As letras caixas s\u00e3o instrumentos de comunica\u00e7\u00e3o visual muito utilizados nos dias de hoje, s\u00e3o materiais elegantes e com um longo per\u00edodo de durabilidade, podendo ter uma grande variedade de op\u00e7\u00f5es de cores.<\/p>\n<p>Outra caracter\u00edstica muito f\u00e1cil de ser notada sobre as letras caixas \u00e9 que esse tipo de material se mostra bastante vers\u00e1til e, desse modo, conseguem se adequar facilmente a qualquer seja o local que ser\u00e3o instaladas.<\/p>\n","protected":false},"excerpt":{"rendered":"<p><strong>Aplica\u00e7\u00e3o:<\/strong>\u00a0Alvenaria, Madeira, Acm, Acrilico, Vidro, Azulejo, Entre Outros.<\/p>\n<p><strong>Conserva\u00e7\u00e3o:<\/strong>\u00a0Para Melhor Conserva\u00e7\u00e3o Limpar Com Pano \u00damido e Macio.<\/p>\n","protected":false},"featured_media":1465,"comment_status":"open","ping_status":"closed","template":"","meta":[],"product_brand":[],"product_cat":[22],"product_tag":[25,30,26,27,29,31,32,34,28,33],"class_list":{"0":"post-84","1":"product","2":"type-product","3":"status-publish","4":"has-post-thumbnail","6":"product_cat-letras-caixa-personalizadas","7":"product_tag-letra-caixa-alta","8":"product_tag-letra-caixa-fachada","9":"product_tag-letra-em-acrilico","10":"product_tag-letras-caixa-com-led","11":"product_tag-letras-em-acm","12":"product_tag-letras-em-pvc","13":"product_tag-letras-em-pvc-expandido","14":"product_tag-letras-inox","15":"product_tag-letras-para-fachada","16":"product_tag-letras-para-fachada-de-loja","18":"first","19":"instock","20":"featured","21":"shipping-taxable","22":"product-type-external"},"_links":{"self":[{"href":"https:\/\/visualsigns.com.br\/index.php\/wp-json\/wp\/v2\/product\/84","targetHints":{"allow":["GET"]}}],"collection":[{"href":"https:\/\/visualsigns.com.br\/index.php\/wp-json\/wp\/v2\/product"}],"about":[{"href":"https:\/\/visualsigns.com.br\/index.php\/wp-json\/wp\/v2\/types\/product"}],"replies":[{"embeddable":true,"href":"https:\/\/visualsigns.com.br\/index.php\/wp-json\/wp\/v2\/comments?post=84"}],"wp:featuredmedia":[{"embeddable":true,"href":"https:\/\/visualsigns.com.br\/index.php\/wp-json\/wp\/v2\/media\/1465"}],"wp:attachment":[{"href":"https:\/\/visualsigns.com.br\/index.php\/wp-json\/wp\/v2\/media?parent=84"}],"wp:term":[{"taxonomy":"product_brand","embeddable":true,"href":"https:\/\/visualsigns.com.br\/index.php\/wp-json\/wp\/v2\/product_brand?post=84"},{"taxonomy":"product_cat","embeddable":true,"href":"https:\/\/visualsigns.com.br\/index.php\/wp-json\/wp\/v2\/product_cat?post=84"},{"taxonomy":"product_tag","embeddable":true,"href":"https:\/\/visualsigns.com.br\/index.php\/wp-json\/wp\/v2\/product_tag?post=84"}],"curies":[{"name":"wp","href":"https:\/\/api.w.org\/{rel}","templated":true}]}}