{"id":83,"date":"2019-01-23T13:18:02","date_gmt":"2019-01-23T13:18:02","guid":{"rendered":"http:\/\/site.visualsigns.com.br\/index.php\/produto\/piorro-quisquam\/"},"modified":"2023-11-12T22:35:09","modified_gmt":"2023-11-12T19:35:09","slug":"letras-caixa-acrilico-lateral-aluminio","status":"publish","type":"product","link":"https:\/\/visualsigns.com.br\/index.php\/produto\/letras-caixa-acrilico-lateral-aluminio\/","title":{"rendered":"Letras Caixa com Frente de Acr\u00edlico e Lateral de Alum\u00ednio"},"content":{"rendered":"<p>Letras com ilumina\u00e7\u00e3o tem se destacado pela qualidade, custo e durabilidade, sem d\u00favidas esta \u00e9 uma tecnologia que veio para ficar, e j\u00e1 \u00e9 muita utilizada em letras caixa, pain\u00e9is, fachadas e letreiros.<\/p>\n<p>Com o uso do LED temos uma economia de at\u00e9 80%, a letra de ilumina\u00e7\u00e3o com LED tem sido cada vez mais procurada, sem d\u00favida veio para ficar, substituindo o neon.<\/p>\n<p>O LED ganha espa\u00e7o com a utiliza\u00e7\u00e3o do acr\u00edlico, dando luz e ressaltando ainda mais o brilho da chapa de acr\u00edlico.<\/p>\n<p>A letra caixa com LED tem excelente durabilidade, podendo ser utilizada em ambiente interno e externo.<\/p>\n","protected":false},"excerpt":{"rendered":"<p><strong>Aplica\u00e7\u00e3o:<\/strong>\u00a0Alvenaria, Madeira, Acm, Acrilico, Vidro, Azulejo, Entre Outros.<\/p>\n<p><strong>Conserva\u00e7\u00e3o:<\/strong>\u00a0Para Melhor Conserva\u00e7\u00e3o Limpar Com Pano \u00damido e Macio.<\/p>\n","protected":false},"featured_media":1511,"comment_status":"open","ping_status":"closed","template":"","meta":[],"product_brand":[],"product_cat":[22],"product_tag":[25,30,26,27,29,31,32,34,28,33],"class_list":{"0":"post-83","1":"product","2":"type-product","3":"status-publish","4":"has-post-thumbnail","6":"product_cat-letras-caixa-personalizadas","7":"product_tag-letra-caixa-alta","8":"product_tag-letra-caixa-fachada","9":"product_tag-letra-em-acrilico","10":"product_tag-letras-caixa-com-led","11":"product_tag-letras-em-acm","12":"product_tag-letras-em-pvc","13":"product_tag-letras-em-pvc-expandido","14":"product_tag-letras-inox","15":"product_tag-letras-para-fachada","16":"product_tag-letras-para-fachada-de-loja","18":"first","19":"instock","20":"featured","21":"shipping-taxable","22":"product-type-external"},"_links":{"self":[{"href":"https:\/\/visualsigns.com.br\/index.php\/wp-json\/wp\/v2\/product\/83","targetHints":{"allow":["GET"]}}],"collection":[{"href":"https:\/\/visualsigns.com.br\/index.php\/wp-json\/wp\/v2\/product"}],"about":[{"href":"https:\/\/visualsigns.com.br\/index.php\/wp-json\/wp\/v2\/types\/product"}],"replies":[{"embeddable":true,"href":"https:\/\/visualsigns.com.br\/index.php\/wp-json\/wp\/v2\/comments?post=83"}],"wp:featuredmedia":[{"embeddable":true,"href":"https:\/\/visualsigns.com.br\/index.php\/wp-json\/wp\/v2\/media\/1511"}],"wp:attachment":[{"href":"https:\/\/visualsigns.com.br\/index.php\/wp-json\/wp\/v2\/media?parent=83"}],"wp:term":[{"taxonomy":"product_brand","embeddable":true,"href":"https:\/\/visualsigns.com.br\/index.php\/wp-json\/wp\/v2\/product_brand?post=83"},{"taxonomy":"product_cat","embeddable":true,"href":"https:\/\/visualsigns.com.br\/index.php\/wp-json\/wp\/v2\/product_cat?post=83"},{"taxonomy":"product_tag","embeddable":true,"href":"https:\/\/visualsigns.com.br\/index.php\/wp-json\/wp\/v2\/product_tag?post=83"}],"curies":[{"name":"wp","href":"https:\/\/api.w.org\/{rel}","templated":true}]}}