{"id":1481,"date":"2021-03-25T13:08:27","date_gmt":"2021-03-25T13:08:27","guid":{"rendered":"http:\/\/site.visualsigns.com.br\/?post_type=product&#038;p=1481"},"modified":"2024-01-23T15:11:14","modified_gmt":"2024-01-23T12:11:14","slug":"backlight-1m2","status":"publish","type":"product","link":"https:\/\/visualsigns.com.br\/index.php\/produto\/backlight-1m2\/","title":{"rendered":"Backlight 1m\u00b2"},"content":{"rendered":"<p>Placa estruturada em caixa met\u00e1lica pintada com ilumina\u00e7\u00e3o interna (atrav\u00e9s de l\u00e2mpadas fluorescentes ou Led\u00b4s) e face em materiais que permitem a passagem de luz como: lona, acr\u00edlico e policarbonato.<\/p>\n<p>A face deste tipo de produto tamb\u00e9m poder\u00e1 ser produzida em materiais que n\u00e3o permitem a passagem de luz como o ACM, desde que a arte do cliente seja recortada (vazada) com aplica\u00e7\u00e3o de chapa de acr\u00edlico ou policarbonato por tr\u00e1s que permitir\u00e1 a passagem de luz nos locais recortados.<\/p>\n","protected":false},"excerpt":{"rendered":"<p><strong>Aplica\u00e7\u00e3o:<\/strong>\u00a0Alvenaria, Madeira, Acm, Acrilico, Vidro, Azulejo, Entre Outros.<\/p>\n<p><strong>Conserva\u00e7\u00e3o:<\/strong>\u00a0Para Melhor Conserva\u00e7\u00e3o Limpar Com Pano \u00damido e Macio.<\/p>\n","protected":false},"featured_media":1505,"comment_status":"open","ping_status":"closed","template":"","meta":[],"product_brand":[],"product_cat":[22],"product_tag":[25,30,26,27,29,31,32,34,28,33],"class_list":{"0":"post-1481","1":"product","2":"type-product","3":"status-publish","4":"has-post-thumbnail","6":"product_cat-letras-caixa-personalizadas","7":"product_tag-letra-caixa-alta","8":"product_tag-letra-caixa-fachada","9":"product_tag-letra-em-acrilico","10":"product_tag-letras-caixa-com-led","11":"product_tag-letras-em-acm","12":"product_tag-letras-em-pvc","13":"product_tag-letras-em-pvc-expandido","14":"product_tag-letras-inox","15":"product_tag-letras-para-fachada","16":"product_tag-letras-para-fachada-de-loja","18":"first","19":"instock","20":"shipping-taxable","21":"product-type-external"},"_links":{"self":[{"href":"https:\/\/visualsigns.com.br\/index.php\/wp-json\/wp\/v2\/product\/1481","targetHints":{"allow":["GET"]}}],"collection":[{"href":"https:\/\/visualsigns.com.br\/index.php\/wp-json\/wp\/v2\/product"}],"about":[{"href":"https:\/\/visualsigns.com.br\/index.php\/wp-json\/wp\/v2\/types\/product"}],"replies":[{"embeddable":true,"href":"https:\/\/visualsigns.com.br\/index.php\/wp-json\/wp\/v2\/comments?post=1481"}],"wp:featuredmedia":[{"embeddable":true,"href":"https:\/\/visualsigns.com.br\/index.php\/wp-json\/wp\/v2\/media\/1505"}],"wp:attachment":[{"href":"https:\/\/visualsigns.com.br\/index.php\/wp-json\/wp\/v2\/media?parent=1481"}],"wp:term":[{"taxonomy":"product_brand","embeddable":true,"href":"https:\/\/visualsigns.com.br\/index.php\/wp-json\/wp\/v2\/product_brand?post=1481"},{"taxonomy":"product_cat","embeddable":true,"href":"https:\/\/visualsigns.com.br\/index.php\/wp-json\/wp\/v2\/product_cat?post=1481"},{"taxonomy":"product_tag","embeddable":true,"href":"https:\/\/visualsigns.com.br\/index.php\/wp-json\/wp\/v2\/product_tag?post=1481"}],"curies":[{"name":"wp","href":"https:\/\/api.w.org\/{rel}","templated":true}]}}