{"id":1480,"date":"2021-03-25T13:07:05","date_gmt":"2021-03-25T13:07:05","guid":{"rendered":"http:\/\/site.visualsigns.com.br\/?post_type=product&#038;p=1480"},"modified":"2023-11-06T09:07:16","modified_gmt":"2023-11-06T06:07:16","slug":"placa-abs-com-gravacao-laser","status":"publish","type":"product","link":"https:\/\/visualsigns.com.br\/index.php\/produto\/placa-abs-com-gravacao-laser\/","title":{"rendered":"Placa ABS com Grava\u00e7\u00e3o Laser"},"content":{"rendered":"<p>Logos e textos recortados ou gravados em processo de router computadorizado. Tem nas cores dourado com letra preta, vermelho com letra preta, prata com letra preta e mede 610x300x1.5mm<\/p>\n<p>As Chapas de ABS de dupla camada, \u00e9 um material r\u00edgido por\u00e9m leve, essa caracter\u00edstica o torna um material vers\u00e1til. Sua composi\u00e7\u00e3o \u00e9 formada a partir da copolimeriza\u00e7\u00e3o de 3 mon\u00f4meros: acrilonitrila, butadieno e estireno.<\/p>\n<p>Por possuir dupla camada, a camada superior de alguns m\u00edcrones de espessura pode ser removida atrav\u00e9s de processo de grava\u00e7\u00e3o a laser ou router CNC, fazendo com que a cor da segunda camada fique aparente, gerando contraste de cores.<\/p>\n<p>A profundidade da grava\u00e7\u00e3o para remo\u00e7\u00e3o da camada superior varia de acordo com pot\u00eancia da m\u00e1quina, altura do bico da m\u00e1quina laser, se feito em router CNC, de acordo com o tipo de ferramenta e velocidade.<\/p>\n<p>Com Placas de ABS podemos fazer Letras decorativas; Sinaliza\u00e7\u00e3o de interiores; Crach\u00e1s; Trof\u00e9us e Placas de premia\u00e7\u00f5es; Sinaliza\u00e7\u00e3o de Seguran\u00e7a; Materiais promocionais; Sinaliza\u00e7\u00e3o industrial, placas de patrim\u00f4nio, entre outros.<\/p>\n","protected":false},"excerpt":{"rendered":"<p><strong>Aplica\u00e7\u00e3o:<\/strong>\u00a0Alvenaria, Madeira, Acm, Acrilico, Vidro, Azulejo, Entre Outros.<\/p>\n<p><strong>Conserva\u00e7\u00e3o:<\/strong>\u00a0Para Melhor Conserva\u00e7\u00e3o Limpar Com Pano \u00damido e Macio.<\/p>\n","protected":false},"featured_media":1516,"comment_status":"open","ping_status":"closed","template":"","meta":[],"product_brand":[],"product_cat":[22],"product_tag":[25,30,26,27,29,31,32,34,28,33],"class_list":{"0":"post-1480","1":"product","2":"type-product","3":"status-publish","4":"has-post-thumbnail","6":"product_cat-letras-caixa-personalizadas","7":"product_tag-letra-caixa-alta","8":"product_tag-letra-caixa-fachada","9":"product_tag-letra-em-acrilico","10":"product_tag-letras-caixa-com-led","11":"product_tag-letras-em-acm","12":"product_tag-letras-em-pvc","13":"product_tag-letras-em-pvc-expandido","14":"product_tag-letras-inox","15":"product_tag-letras-para-fachada","16":"product_tag-letras-para-fachada-de-loja","18":"first","19":"instock","20":"shipping-taxable","21":"product-type-external"},"_links":{"self":[{"href":"https:\/\/visualsigns.com.br\/index.php\/wp-json\/wp\/v2\/product\/1480","targetHints":{"allow":["GET"]}}],"collection":[{"href":"https:\/\/visualsigns.com.br\/index.php\/wp-json\/wp\/v2\/product"}],"about":[{"href":"https:\/\/visualsigns.com.br\/index.php\/wp-json\/wp\/v2\/types\/product"}],"replies":[{"embeddable":true,"href":"https:\/\/visualsigns.com.br\/index.php\/wp-json\/wp\/v2\/comments?post=1480"}],"wp:featuredmedia":[{"embeddable":true,"href":"https:\/\/visualsigns.com.br\/index.php\/wp-json\/wp\/v2\/media\/1516"}],"wp:attachment":[{"href":"https:\/\/visualsigns.com.br\/index.php\/wp-json\/wp\/v2\/media?parent=1480"}],"wp:term":[{"taxonomy":"product_brand","embeddable":true,"href":"https:\/\/visualsigns.com.br\/index.php\/wp-json\/wp\/v2\/product_brand?post=1480"},{"taxonomy":"product_cat","embeddable":true,"href":"https:\/\/visualsigns.com.br\/index.php\/wp-json\/wp\/v2\/product_cat?post=1480"},{"taxonomy":"product_tag","embeddable":true,"href":"https:\/\/visualsigns.com.br\/index.php\/wp-json\/wp\/v2\/product_tag?post=1480"}],"curies":[{"name":"wp","href":"https:\/\/api.w.org\/{rel}","templated":true}]}}