{"id":1479,"date":"2021-03-25T13:06:06","date_gmt":"2021-03-25T13:06:06","guid":{"rendered":"http:\/\/site.visualsigns.com.br\/?post_type=product&#038;p=1479"},"modified":"2021-06-16T21:55:34","modified_gmt":"2021-06-16T21:55:34","slug":"placa-acrilico-com-gravacao-laser","status":"publish","type":"product","link":"https:\/\/visualsigns.com.br\/index.php\/produto\/placa-acrilico-com-gravacao-laser\/","title":{"rendered":"Placa Acr\u00edlico com Grava\u00e7\u00e3o Laser"},"content":{"rendered":"<p>Logos e textos recortados ou gravados em processo de router computadorizado.<\/p>\n<p>A grava\u00e7\u00e3o a laser em acr\u00edlico \u00e9 feita atrav\u00e9s da amplia\u00e7\u00e3o da energia da luz, que consegue aquecer o material e derret\u00ea-lo, fazendo evaporar e possibilitando, assim, seu corte ou grava\u00e7\u00e3o. Isso \u00e9 poss\u00edvel devido \u00e0 regulagem da energia e da sua profundidade.<\/p>\n","protected":false},"excerpt":{"rendered":"<p><strong>Aplica\u00e7\u00e3o:<\/strong>\u00a0Alvenaria, Madeira, Acm, Acrilico, Vidro, Azulejo, Entre Outros.<\/p>\n<p><strong>Conserva\u00e7\u00e3o:<\/strong>\u00a0Para Melhor Conserva\u00e7\u00e3o Limpar Com Pano \u00damido e Macio.<\/p>\n","protected":false},"featured_media":1519,"comment_status":"open","ping_status":"closed","template":"","meta":[],"product_brand":[],"product_cat":[22],"product_tag":[25,30,26,27,29,31,32,34,28,33],"class_list":{"0":"post-1479","1":"product","2":"type-product","3":"status-publish","4":"has-post-thumbnail","6":"product_cat-letras-caixa-personalizadas","7":"product_tag-letra-caixa-alta","8":"product_tag-letra-caixa-fachada","9":"product_tag-letra-em-acrilico","10":"product_tag-letras-caixa-com-led","11":"product_tag-letras-em-acm","12":"product_tag-letras-em-pvc","13":"product_tag-letras-em-pvc-expandido","14":"product_tag-letras-inox","15":"product_tag-letras-para-fachada","16":"product_tag-letras-para-fachada-de-loja","18":"first","19":"instock","20":"shipping-taxable","21":"product-type-external"},"_links":{"self":[{"href":"https:\/\/visualsigns.com.br\/index.php\/wp-json\/wp\/v2\/product\/1479","targetHints":{"allow":["GET"]}}],"collection":[{"href":"https:\/\/visualsigns.com.br\/index.php\/wp-json\/wp\/v2\/product"}],"about":[{"href":"https:\/\/visualsigns.com.br\/index.php\/wp-json\/wp\/v2\/types\/product"}],"replies":[{"embeddable":true,"href":"https:\/\/visualsigns.com.br\/index.php\/wp-json\/wp\/v2\/comments?post=1479"}],"wp:featuredmedia":[{"embeddable":true,"href":"https:\/\/visualsigns.com.br\/index.php\/wp-json\/wp\/v2\/media\/1519"}],"wp:attachment":[{"href":"https:\/\/visualsigns.com.br\/index.php\/wp-json\/wp\/v2\/media?parent=1479"}],"wp:term":[{"taxonomy":"product_brand","embeddable":true,"href":"https:\/\/visualsigns.com.br\/index.php\/wp-json\/wp\/v2\/product_brand?post=1479"},{"taxonomy":"product_cat","embeddable":true,"href":"https:\/\/visualsigns.com.br\/index.php\/wp-json\/wp\/v2\/product_cat?post=1479"},{"taxonomy":"product_tag","embeddable":true,"href":"https:\/\/visualsigns.com.br\/index.php\/wp-json\/wp\/v2\/product_tag?post=1479"}],"curies":[{"name":"wp","href":"https:\/\/api.w.org\/{rel}","templated":true}]}}