{"id":1478,"date":"2021-03-25T13:03:57","date_gmt":"2021-03-25T13:03:57","guid":{"rendered":"http:\/\/site.visualsigns.com.br\/?post_type=product&#038;p=1478"},"modified":"2021-06-16T21:44:56","modified_gmt":"2021-06-16T21:44:56","slug":"letras-caixa-eps","status":"publish","type":"product","link":"https:\/\/visualsigns.com.br\/index.php\/produto\/letras-caixa-eps\/","title":{"rendered":"Letras Caixa EPS"},"content":{"rendered":"<p>Cortes especiais de EPS (Isopor) e XPS (Poliestireno Extrudado); Revestimento e pintura do EPS e XPS; Escultura de Isopor. Corte Atrav\u00e9s de m\u00e1quinas computadorizadas cortamos o isopor em diversos formatos e tamanhos, usados na constru\u00e7\u00e3o civil como isolante t\u00e9rmico e para enchimento de lajes, em decora\u00e7\u00e3o, cenografia, uso na ind\u00fastria para embalagens, trabalhos universit\u00e1rios de modelagem, pranchas de surf, Stand Up entre muitas aplica\u00e7\u00f5es.<\/p>\n","protected":false},"excerpt":{"rendered":"<p><strong>Aplica\u00e7\u00e3o:<\/strong>\u00a0Alvenaria, Madeira, Acm, Acrilico, Vidro, Azulejo, Entre Outros.<\/p>\n<p><strong>Conserva\u00e7\u00e3o:<\/strong>\u00a0Para Melhor Conserva\u00e7\u00e3o Limpar Com Pano \u00damido e Macio.<\/p>\n","protected":false},"featured_media":1513,"comment_status":"open","ping_status":"closed","template":"","meta":[],"product_brand":[],"product_cat":[22],"product_tag":[25,30,26,27,29,31,32,34,28,33],"class_list":{"0":"post-1478","1":"product","2":"type-product","3":"status-publish","4":"has-post-thumbnail","6":"product_cat-letras-caixa-personalizadas","7":"product_tag-letra-caixa-alta","8":"product_tag-letra-caixa-fachada","9":"product_tag-letra-em-acrilico","10":"product_tag-letras-caixa-com-led","11":"product_tag-letras-em-acm","12":"product_tag-letras-em-pvc","13":"product_tag-letras-em-pvc-expandido","14":"product_tag-letras-inox","15":"product_tag-letras-para-fachada","16":"product_tag-letras-para-fachada-de-loja","18":"first","19":"instock","20":"shipping-taxable","21":"product-type-external"},"_links":{"self":[{"href":"https:\/\/visualsigns.com.br\/index.php\/wp-json\/wp\/v2\/product\/1478","targetHints":{"allow":["GET"]}}],"collection":[{"href":"https:\/\/visualsigns.com.br\/index.php\/wp-json\/wp\/v2\/product"}],"about":[{"href":"https:\/\/visualsigns.com.br\/index.php\/wp-json\/wp\/v2\/types\/product"}],"replies":[{"embeddable":true,"href":"https:\/\/visualsigns.com.br\/index.php\/wp-json\/wp\/v2\/comments?post=1478"}],"wp:featuredmedia":[{"embeddable":true,"href":"https:\/\/visualsigns.com.br\/index.php\/wp-json\/wp\/v2\/media\/1513"}],"wp:attachment":[{"href":"https:\/\/visualsigns.com.br\/index.php\/wp-json\/wp\/v2\/media?parent=1478"}],"wp:term":[{"taxonomy":"product_brand","embeddable":true,"href":"https:\/\/visualsigns.com.br\/index.php\/wp-json\/wp\/v2\/product_brand?post=1478"},{"taxonomy":"product_cat","embeddable":true,"href":"https:\/\/visualsigns.com.br\/index.php\/wp-json\/wp\/v2\/product_cat?post=1478"},{"taxonomy":"product_tag","embeddable":true,"href":"https:\/\/visualsigns.com.br\/index.php\/wp-json\/wp\/v2\/product_tag?post=1478"}],"curies":[{"name":"wp","href":"https:\/\/api.w.org\/{rel}","templated":true}]}}