{"id":1396,"date":"2021-01-11T13:11:43","date_gmt":"2021-01-11T13:11:43","guid":{"rendered":"http:\/\/site.visualsigns.com.br\/?page_id=1396"},"modified":"2021-01-11T13:17:19","modified_gmt":"2021-01-11T13:17:19","slug":"sinalizacao-interna","status":"publish","type":"page","link":"https:\/\/visualsigns.com.br\/index.php\/sinalizacao-interna\/","title":{"rendered":"Sinaliza\u00e7\u00e3o Interna"},"content":{"rendered":"\t\t<div data-elementor-type=\"wp-post\" data-elementor-id=\"1396\" class=\"elementor elementor-1396\">\n\t\t\t\t\t\t<section class=\"elementor-section elementor-top-section elementor-element elementor-element-9ff25fa elementor-section-content-middle elementor-section-boxed elementor-section-height-default elementor-section-height-default\" data-id=\"9ff25fa\" data-element_type=\"section\" data-settings=\"{&quot;background_background&quot;:&quot;classic&quot;}\">\n\t\t\t\t\t\t\t<div class=\"elementor-background-overlay\"><\/div>\n\t\t\t\t\t\t\t<div class=\"elementor-container elementor-column-gap-no\">\n\t\t\t\t\t<div class=\"elementor-column elementor-col-100 elementor-top-column elementor-element elementor-element-aa2695b\" data-id=\"aa2695b\" data-element_type=\"column\">\n\t\t\t<div class=\"elementor-widget-wrap elementor-element-populated\">\n\t\t\t\t\t\t<div class=\"elementor-element elementor-element-5f3f64d elementor-widget elementor-widget-heading\" data-id=\"5f3f64d\" data-element_type=\"widget\" data-widget_type=\"heading.default\">\n\t\t\t\t<div class=\"elementor-widget-container\">\n\t\t\t\t\t<h1 class=\"elementor-heading-title elementor-size-default\">Sinaliza\u00e7\u00e3o Interna<\/h1>\t\t\t\t<\/div>\n\t\t\t\t<\/div>\n\t\t\t\t\t<\/div>\n\t\t<\/div>\n\t\t\t\t\t<\/div>\n\t\t<\/section>\n\t\t\t\t<section class=\"elementor-section elementor-top-section elementor-element elementor-element-8977841 elementor-section-boxed elementor-section-height-default elementor-section-height-default\" data-id=\"8977841\" data-element_type=\"section\">\n\t\t\t\t\t\t<div class=\"elementor-container elementor-column-gap-no\">\n\t\t\t\t\t<div class=\"elementor-column elementor-col-100 elementor-top-column elementor-element elementor-element-d2afd70\" data-id=\"d2afd70\" data-element_type=\"column\">\n\t\t\t<div class=\"elementor-widget-wrap elementor-element-populated\">\n\t\t\t\t\t\t<div class=\"elementor-element elementor-element-6a5d97c elementor-widget elementor-widget-text-editor\" data-id=\"6a5d97c\" data-element_type=\"widget\" data-widget_type=\"text-editor.default\">\n\t\t\t\t<div class=\"elementor-widget-container\">\n\t\t\t\t\t\t\t\t\t<p class=\"p1\">Elabora\u00e7\u00e3o e execu\u00e7\u00e3o de projetos de sinaliza\u00e7\u00e3o interna dentro da \u00e1rea de comunica\u00e7\u00e3o visual.<\/p>\t\t\t\t\t\t\t\t<\/div>\n\t\t\t\t<\/div>\n\t\t\t\t<section class=\"elementor-section elementor-inner-section elementor-element elementor-element-c97c624 elementor-section-boxed elementor-section-height-default elementor-section-height-default\" data-id=\"c97c624\" data-element_type=\"section\">\n\t\t\t\t\t\t<div class=\"elementor-container elementor-column-gap-default\">\n\t\t\t\t\t<div class=\"elementor-column elementor-col-33 elementor-inner-column elementor-element elementor-element-e754425\" data-id=\"e754425\" data-element_type=\"column\">\n\t\t\t<div class=\"elementor-widget-wrap elementor-element-populated\">\n\t\t\t\t\t\t<div class=\"elementor-element elementor-element-1a2de5d elementor-widget elementor-widget-image\" data-id=\"1a2de5d\" data-element_type=\"widget\" data-widget_type=\"image.default\">\n\t\t\t\t<div class=\"elementor-widget-container\">\n\t\t\t\t\t\t\t\t\t\t\t\t\t\t\t<img fetchpriority=\"high\" decoding=\"async\" width=\"335\" height=\"484\" src=\"https:\/\/visualsigns.com.br\/wp-content\/uploads\/2021\/01\/sinalizacao-interna_0002_Vector-Smart-Object.png\" class=\"attachment-large size-large wp-image-1401\" alt=\"\" srcset=\"https:\/\/visualsigns.com.br\/wp-content\/uploads\/2021\/01\/sinalizacao-interna_0002_Vector-Smart-Object.png 335w, https:\/\/visualsigns.com.br\/wp-content\/uploads\/2021\/01\/sinalizacao-interna_0002_Vector-Smart-Object-208x300.png 208w\" sizes=\"(max-width: 335px) 100vw, 335px\" \/>\t\t\t\t\t\t\t\t\t\t\t\t\t\t\t<\/div>\n\t\t\t\t<\/div>\n\t\t\t\t\t<\/div>\n\t\t<\/div>\n\t\t\t\t<div class=\"elementor-column elementor-col-33 elementor-inner-column elementor-element elementor-element-20626ec\" data-id=\"20626ec\" data-element_type=\"column\">\n\t\t\t<div class=\"elementor-widget-wrap elementor-element-populated\">\n\t\t\t\t\t\t<div class=\"elementor-element elementor-element-a51cf88 elementor-widget elementor-widget-image\" data-id=\"a51cf88\" data-element_type=\"widget\" data-widget_type=\"image.default\">\n\t\t\t\t<div class=\"elementor-widget-container\">\n\t\t\t\t\t\t\t\t\t\t\t\t\t\t\t<img decoding=\"async\" width=\"335\" height=\"484\" src=\"https:\/\/visualsigns.com.br\/wp-content\/uploads\/2021\/01\/sinalizacao-interna_0001_Vector-Smart-Object.png\" class=\"attachment-large size-large wp-image-1400\" alt=\"\" srcset=\"https:\/\/visualsigns.com.br\/wp-content\/uploads\/2021\/01\/sinalizacao-interna_0001_Vector-Smart-Object.png 335w, https:\/\/visualsigns.com.br\/wp-content\/uploads\/2021\/01\/sinalizacao-interna_0001_Vector-Smart-Object-208x300.png 208w\" sizes=\"(max-width: 335px) 100vw, 335px\" \/>\t\t\t\t\t\t\t\t\t\t\t\t\t\t\t<\/div>\n\t\t\t\t<\/div>\n\t\t\t\t\t<\/div>\n\t\t<\/div>\n\t\t\t\t<div class=\"elementor-column elementor-col-33 elementor-inner-column elementor-element elementor-element-2bf5871\" data-id=\"2bf5871\" data-element_type=\"column\">\n\t\t\t<div class=\"elementor-widget-wrap elementor-element-populated\">\n\t\t\t\t\t\t<div class=\"elementor-element elementor-element-773236b elementor-widget elementor-widget-image\" data-id=\"773236b\" data-element_type=\"widget\" data-widget_type=\"image.default\">\n\t\t\t\t<div class=\"elementor-widget-container\">\n\t\t\t\t\t\t\t\t\t\t\t\t\t\t\t<img decoding=\"async\" width=\"335\" height=\"484\" src=\"https:\/\/visualsigns.com.br\/wp-content\/uploads\/2021\/01\/sinalizacao-interna_0000_Vector-Smart-Object.png\" class=\"attachment-large size-large wp-image-1399\" alt=\"\" srcset=\"https:\/\/visualsigns.com.br\/wp-content\/uploads\/2021\/01\/sinalizacao-interna_0000_Vector-Smart-Object.png 335w, https:\/\/visualsigns.com.br\/wp-content\/uploads\/2021\/01\/sinalizacao-interna_0000_Vector-Smart-Object-208x300.png 208w\" sizes=\"(max-width: 335px) 100vw, 335px\" \/>\t\t\t\t\t\t\t\t\t\t\t\t\t\t\t<\/div>\n\t\t\t\t<\/div>\n\t\t\t\t\t<\/div>\n\t\t<\/div>\n\t\t\t\t\t<\/div>\n\t\t<\/section>\n\t\t\t\t\t<\/div>\n\t\t<\/div>\n\t\t\t\t\t<\/div>\n\t\t<\/section>\n\t\t\t\t<\/div>\n\t\t","protected":false},"excerpt":{"rendered":"<p>Sinaliza\u00e7\u00e3o Interna Elabora\u00e7\u00e3o e execu\u00e7\u00e3o de projetos de sinaliza\u00e7\u00e3o interna dentro da \u00e1rea de comunica\u00e7\u00e3o visual.<\/p>\n","protected":false},"author":2,"featured_media":0,"parent":0,"menu_order":0,"comment_status":"closed","ping_status":"closed","template":"","meta":{"footnotes":""},"class_list":["post-1396","page","type-page","status-publish","hentry"],"_links":{"self":[{"href":"https:\/\/visualsigns.com.br\/index.php\/wp-json\/wp\/v2\/pages\/1396","targetHints":{"allow":["GET"]}}],"collection":[{"href":"https:\/\/visualsigns.com.br\/index.php\/wp-json\/wp\/v2\/pages"}],"about":[{"href":"https:\/\/visualsigns.com.br\/index.php\/wp-json\/wp\/v2\/types\/page"}],"author":[{"embeddable":true,"href":"https:\/\/visualsigns.com.br\/index.php\/wp-json\/wp\/v2\/users\/2"}],"replies":[{"embeddable":true,"href":"https:\/\/visualsigns.com.br\/index.php\/wp-json\/wp\/v2\/comments?post=1396"}],"version-history":[{"count":4,"href":"https:\/\/visualsigns.com.br\/index.php\/wp-json\/wp\/v2\/pages\/1396\/revisions"}],"predecessor-version":[{"id":1404,"href":"https:\/\/visualsigns.com.br\/index.php\/wp-json\/wp\/v2\/pages\/1396\/revisions\/1404"}],"wp:attachment":[{"href":"https:\/\/visualsigns.com.br\/index.php\/wp-json\/wp\/v2\/media?parent=1396"}],"curies":[{"name":"wp","href":"https:\/\/api.w.org\/{rel}","templated":true}]}}