{"id":1330,"date":"2021-01-11T11:48:45","date_gmt":"2021-01-11T11:48:45","guid":{"rendered":"http:\/\/site.visualsigns.com.br\/?page_id=1330"},"modified":"2021-01-11T12:03:55","modified_gmt":"2021-01-11T12:03:55","slug":"luminosos","status":"publish","type":"page","link":"https:\/\/visualsigns.com.br\/index.php\/luminosos\/","title":{"rendered":"Luminosos"},"content":{"rendered":"\t\t<div data-elementor-type=\"wp-post\" data-elementor-id=\"1330\" class=\"elementor elementor-1330\">\n\t\t\t\t\t\t<section class=\"elementor-section elementor-top-section elementor-element elementor-element-9ff25fa elementor-section-content-middle elementor-section-boxed elementor-section-height-default elementor-section-height-default\" data-id=\"9ff25fa\" data-element_type=\"section\" data-settings=\"{&quot;background_background&quot;:&quot;classic&quot;}\">\n\t\t\t\t\t\t\t<div class=\"elementor-background-overlay\"><\/div>\n\t\t\t\t\t\t\t<div class=\"elementor-container elementor-column-gap-no\">\n\t\t\t\t\t<div class=\"elementor-column elementor-col-100 elementor-top-column elementor-element elementor-element-aa2695b\" data-id=\"aa2695b\" data-element_type=\"column\">\n\t\t\t<div class=\"elementor-widget-wrap elementor-element-populated\">\n\t\t\t\t\t\t<div class=\"elementor-element elementor-element-5f3f64d elementor-widget elementor-widget-heading\" data-id=\"5f3f64d\" data-element_type=\"widget\" data-widget_type=\"heading.default\">\n\t\t\t\t<div class=\"elementor-widget-container\">\n\t\t\t\t\t<h1 class=\"elementor-heading-title elementor-size-default\">Luminosos<\/h1>\t\t\t\t<\/div>\n\t\t\t\t<\/div>\n\t\t\t\t\t<\/div>\n\t\t<\/div>\n\t\t\t\t\t<\/div>\n\t\t<\/section>\n\t\t\t\t<section class=\"elementor-section elementor-top-section elementor-element elementor-element-8977841 elementor-section-boxed elementor-section-height-default elementor-section-height-default\" data-id=\"8977841\" data-element_type=\"section\">\n\t\t\t\t\t\t<div class=\"elementor-container elementor-column-gap-no\">\n\t\t\t\t\t<div class=\"elementor-column elementor-col-100 elementor-top-column elementor-element elementor-element-d2afd70\" data-id=\"d2afd70\" data-element_type=\"column\">\n\t\t\t<div class=\"elementor-widget-wrap elementor-element-populated\">\n\t\t\t\t\t\t<div class=\"elementor-element elementor-element-6a5d97c elementor-widget elementor-widget-text-editor\" data-id=\"6a5d97c\" data-element_type=\"widget\" data-widget_type=\"text-editor.default\">\n\t\t\t\t<div class=\"elementor-widget-container\">\n\t\t\t\t\t\t\t\t\t<p class=\"p1\">Podem ser desenvolvidos em chapa de a\u00e7o inox (escovado ou polido), chapa em a\u00e7o galvanizado com pintura eletrost\u00e1tica, acr\u00edlico e alum\u00ednio.<\/p><p class=\"p1\">Aplica\u00e7\u00f5es: Destacam-se pela efici\u00eancia, durabilidade e eleg\u00e2ncia na identifica\u00e7\u00e3o de fachadas de lojas, condominiais, cl\u00ednicas, escrit\u00f3rios, etc.<\/p>\t\t\t\t\t\t\t\t<\/div>\n\t\t\t\t<\/div>\n\t\t\t\t<section class=\"elementor-section elementor-inner-section elementor-element elementor-element-c97c624 elementor-section-boxed elementor-section-height-default elementor-section-height-default\" data-id=\"c97c624\" data-element_type=\"section\">\n\t\t\t\t\t\t<div class=\"elementor-container elementor-column-gap-default\">\n\t\t\t\t\t<div class=\"elementor-column elementor-col-25 elementor-inner-column elementor-element elementor-element-e754425\" data-id=\"e754425\" data-element_type=\"column\">\n\t\t\t<div class=\"elementor-widget-wrap elementor-element-populated\">\n\t\t\t\t\t\t<div class=\"elementor-element elementor-element-1a2de5d elementor-widget elementor-widget-image\" data-id=\"1a2de5d\" data-element_type=\"widget\" data-widget_type=\"image.default\">\n\t\t\t\t<div class=\"elementor-widget-container\">\n\t\t\t\t\t\t\t\t\t\t\t\t\t\t\t<img fetchpriority=\"high\" decoding=\"async\" width=\"335\" height=\"312\" src=\"https:\/\/visualsigns.com.br\/wp-content\/uploads\/2021\/01\/luminosos_0003_Vector-Smart-Object.png\" class=\"attachment-large size-large wp-image-1335\" alt=\"\" srcset=\"https:\/\/visualsigns.com.br\/wp-content\/uploads\/2021\/01\/luminosos_0003_Vector-Smart-Object.png 335w, https:\/\/visualsigns.com.br\/wp-content\/uploads\/2021\/01\/luminosos_0003_Vector-Smart-Object-300x279.png 300w\" sizes=\"(max-width: 335px) 100vw, 335px\" \/>\t\t\t\t\t\t\t\t\t\t\t\t\t\t\t<\/div>\n\t\t\t\t<\/div>\n\t\t\t\t\t<\/div>\n\t\t<\/div>\n\t\t\t\t<div class=\"elementor-column elementor-col-25 elementor-inner-column elementor-element elementor-element-20626ec\" data-id=\"20626ec\" data-element_type=\"column\">\n\t\t\t<div class=\"elementor-widget-wrap elementor-element-populated\">\n\t\t\t\t\t\t<div class=\"elementor-element elementor-element-a51cf88 elementor-widget elementor-widget-image\" data-id=\"a51cf88\" data-element_type=\"widget\" data-widget_type=\"image.default\">\n\t\t\t\t<div class=\"elementor-widget-container\">\n\t\t\t\t\t\t\t\t\t\t\t\t\t\t\t<img decoding=\"async\" width=\"335\" height=\"312\" src=\"https:\/\/visualsigns.com.br\/wp-content\/uploads\/2021\/01\/luminosos_0002_Vector-Smart-Object.png\" class=\"attachment-large size-large wp-image-1334\" alt=\"\" srcset=\"https:\/\/visualsigns.com.br\/wp-content\/uploads\/2021\/01\/luminosos_0002_Vector-Smart-Object.png 335w, https:\/\/visualsigns.com.br\/wp-content\/uploads\/2021\/01\/luminosos_0002_Vector-Smart-Object-300x279.png 300w\" sizes=\"(max-width: 335px) 100vw, 335px\" \/>\t\t\t\t\t\t\t\t\t\t\t\t\t\t\t<\/div>\n\t\t\t\t<\/div>\n\t\t\t\t\t<\/div>\n\t\t<\/div>\n\t\t\t\t<div class=\"elementor-column elementor-col-25 elementor-inner-column elementor-element elementor-element-2bf5871\" data-id=\"2bf5871\" data-element_type=\"column\">\n\t\t\t<div class=\"elementor-widget-wrap elementor-element-populated\">\n\t\t\t\t\t\t<div class=\"elementor-element elementor-element-773236b elementor-widget elementor-widget-image\" data-id=\"773236b\" data-element_type=\"widget\" data-widget_type=\"image.default\">\n\t\t\t\t<div class=\"elementor-widget-container\">\n\t\t\t\t\t\t\t\t\t\t\t\t\t\t\t<img decoding=\"async\" width=\"335\" height=\"312\" src=\"https:\/\/visualsigns.com.br\/wp-content\/uploads\/2021\/01\/luminosos_0001_Vector-Smart-Object.png\" class=\"attachment-large size-large wp-image-1333\" alt=\"\" srcset=\"https:\/\/visualsigns.com.br\/wp-content\/uploads\/2021\/01\/luminosos_0001_Vector-Smart-Object.png 335w, https:\/\/visualsigns.com.br\/wp-content\/uploads\/2021\/01\/luminosos_0001_Vector-Smart-Object-300x279.png 300w\" sizes=\"(max-width: 335px) 100vw, 335px\" \/>\t\t\t\t\t\t\t\t\t\t\t\t\t\t\t<\/div>\n\t\t\t\t<\/div>\n\t\t\t\t\t<\/div>\n\t\t<\/div>\n\t\t\t\t<div class=\"elementor-column elementor-col-25 elementor-inner-column elementor-element elementor-element-1b54e0b\" data-id=\"1b54e0b\" data-element_type=\"column\">\n\t\t\t<div class=\"elementor-widget-wrap elementor-element-populated\">\n\t\t\t\t\t\t<div class=\"elementor-element elementor-element-8c425f4 elementor-widget elementor-widget-image\" data-id=\"8c425f4\" data-element_type=\"widget\" data-widget_type=\"image.default\">\n\t\t\t\t<div class=\"elementor-widget-container\">\n\t\t\t\t\t\t\t\t\t\t\t\t\t\t\t<img loading=\"lazy\" decoding=\"async\" width=\"335\" height=\"312\" src=\"https:\/\/visualsigns.com.br\/wp-content\/uploads\/2021\/01\/luminosos_0000_Vector-Smart-Object.png\" class=\"attachment-large size-large wp-image-1332\" alt=\"\" srcset=\"https:\/\/visualsigns.com.br\/wp-content\/uploads\/2021\/01\/luminosos_0000_Vector-Smart-Object.png 335w, https:\/\/visualsigns.com.br\/wp-content\/uploads\/2021\/01\/luminosos_0000_Vector-Smart-Object-300x279.png 300w\" sizes=\"(max-width: 335px) 100vw, 335px\" \/>\t\t\t\t\t\t\t\t\t\t\t\t\t\t\t<\/div>\n\t\t\t\t<\/div>\n\t\t\t\t\t<\/div>\n\t\t<\/div>\n\t\t\t\t\t<\/div>\n\t\t<\/section>\n\t\t\t\t\t<\/div>\n\t\t<\/div>\n\t\t\t\t\t<\/div>\n\t\t<\/section>\n\t\t\t\t<\/div>\n\t\t","protected":false},"excerpt":{"rendered":"<p>Luminosos Podem ser desenvolvidos em chapa de a\u00e7o inox (escovado ou polido), chapa em a\u00e7o galvanizado com pintura eletrost\u00e1tica, acr\u00edlico e alum\u00ednio. Aplica\u00e7\u00f5es: Destacam-se pela efici\u00eancia, durabilidade e eleg\u00e2ncia na identifica\u00e7\u00e3o de fachadas de lojas, condominiais, cl\u00ednicas, escrit\u00f3rios, etc.<\/p>\n","protected":false},"author":2,"featured_media":0,"parent":0,"menu_order":0,"comment_status":"closed","ping_status":"closed","template":"","meta":{"footnotes":""},"class_list":["post-1330","page","type-page","status-publish","hentry"],"_links":{"self":[{"href":"https:\/\/visualsigns.com.br\/index.php\/wp-json\/wp\/v2\/pages\/1330","targetHints":{"allow":["GET"]}}],"collection":[{"href":"https:\/\/visualsigns.com.br\/index.php\/wp-json\/wp\/v2\/pages"}],"about":[{"href":"https:\/\/visualsigns.com.br\/index.php\/wp-json\/wp\/v2\/types\/page"}],"author":[{"embeddable":true,"href":"https:\/\/visualsigns.com.br\/index.php\/wp-json\/wp\/v2\/users\/2"}],"replies":[{"embeddable":true,"href":"https:\/\/visualsigns.com.br\/index.php\/wp-json\/wp\/v2\/comments?post=1330"}],"version-history":[{"count":4,"href":"https:\/\/visualsigns.com.br\/index.php\/wp-json\/wp\/v2\/pages\/1330\/revisions"}],"predecessor-version":[{"id":1338,"href":"https:\/\/visualsigns.com.br\/index.php\/wp-json\/wp\/v2\/pages\/1330\/revisions\/1338"}],"wp:attachment":[{"href":"https:\/\/visualsigns.com.br\/index.php\/wp-json\/wp\/v2\/media?parent=1330"}],"curies":[{"name":"wp","href":"https:\/\/api.w.org\/{rel}","templated":true}]}}